{"id":52,"date":"2010-10-03T18:28:27","date_gmt":"2010-10-03T17:28:27","guid":{"rendered":"http:\/\/liverollenspiel.ch\/wordpress\/?page_id=52"},"modified":"2014-10-08T17:05:59","modified_gmt":"2014-10-08T16:05:59","slug":"ich-sehe-das-anders","status":"publish","type":"page","link":"https:\/\/liverollenspiel.ch\/wordpress\/ich-sehe-das-anders\/","title":{"rendered":"Ich sehe das anders!"},"content":{"rendered":"<p>&#8230;kanns geben. Ich kann es ertragen, wenn ich nicht die Weisheit der Welt publizieren kann. Ich schaffe es ja auch nicht, alles was ich sagen kann hier zu schreiben.<\/p>\n<p>Wenn du der Meinung bist, dass es unfair, falsch, daneben oder auch nur dumm von mir [streiche unzutreffendes] ist, Artikel [Setze beliebigen Artikelnamen ein] zu ver\u00f6ffentlichen, dann melde dich. Schliesslich kann es sein, dass ich Bl\u00f6dsinn publiziere und dir die entsprechende Gegenrede hier ver\u00f6ffentliche. Denn nichts schadet einer Meinung mehr als die Zensur einer Gegenmeinung.<\/p>\n","protected":false},"excerpt":{"rendered":"<p>&#8230;kanns geben. Ich kann es ertragen, wenn ich nicht die Weisheit der Welt publizieren kann. Ich schaffe es ja auch nicht, alles was ich sagen kann hier zu schreiben. Wenn du der Meinung bist, dass es unfair, falsch, daneben oder auch nur dumm von mir [streiche unzutreffendes] ist, Artikel [Setze beliebigen Artikelnamen ein] zu ver\u00f6ffentlichen, [&hellip;]<\/p>\n","protected":false},"author":2,"featured_media":0,"parent":0,"menu_order":0,"comment_status":"open","ping_status":"open","template":"","meta":{"footnotes":""},"class_list":["post-52","page","type-page","status-publish","hentry"],"_links":{"self":[{"href":"https:\/\/liverollenspiel.ch\/wordpress\/wp-json\/wp\/v2\/pages\/52","targetHints":{"allow":["GET"]}}],"collection":[{"href":"https:\/\/liverollenspiel.ch\/wordpress\/wp-json\/wp\/v2\/pages"}],"about":[{"href":"https:\/\/liverollenspiel.ch\/wordpress\/wp-json\/wp\/v2\/types\/page"}],"author":[{"embeddable":true,"href":"https:\/\/liverollenspiel.ch\/wordpress\/wp-json\/wp\/v2\/users\/2"}],"replies":[{"embeddable":true,"href":"https:\/\/liverollenspiel.ch\/wordpress\/wp-json\/wp\/v2\/comments?post=52"}],"version-history":[{"count":4,"href":"https:\/\/liverollenspiel.ch\/wordpress\/wp-json\/wp\/v2\/pages\/52\/revisions"}],"predecessor-version":[{"id":1583,"href":"https:\/\/liverollenspiel.ch\/wordpress\/wp-json\/wp\/v2\/pages\/52\/revisions\/1583"}],"wp:attachment":[{"href":"https:\/\/liverollenspiel.ch\/wordpress\/wp-json\/wp\/v2\/media?parent=52"}],"curies":[{"name":"wp","href":"https:\/\/api.w.org\/{rel}","templated":true}]}}