{"id":2,"date":"2010-09-21T14:38:20","date_gmt":"2010-09-21T14:38:20","guid":{"rendered":"http:\/\/liverollenspiel.ch\/wordpress\/?page_id=2"},"modified":"2014-10-08T17:30:55","modified_gmt":"2014-10-08T16:30:55","slug":"eine-seite","status":"publish","type":"page","link":"https:\/\/liverollenspiel.ch\/wordpress\/eine-seite\/","title":{"rendered":"Warum?"},"content":{"rendered":"<p>Anfangs 2009 habe ich bemerkt, dass ich mich in gerne einem der beliebtesten Bereiche des Liverollenspiels bet\u00e4tige: \u00a0Der Diskussion und dem Tratsch \u00fcber Liverollenspiel selber. Ger\u00fcchteweise gehen einige Leute ja auch nur deswegen an Spiele&#8230; Nach und nach habe ich einiges an Texten in Foren online gestellt, doch auf Dauer macht das keinen Spass &#8211; je nach Forum sind die Fronten verh\u00e4rtet oder die Spielerschaft weitgehend homogensiert.<\/p>\n<p>In der Zeit in denen ich Liverollenspiel als Hobby betreibe, habe ich mehrere gut frequentierte Foren und Plattformen langsam wieder aussterben sehen, so dass ich mich entschlossen habe selber einen Blog zu schreiben. \u00a0So ergeht es mir nicht wie auch schon, als Websites offline gingen und ich sorgf\u00e4ltig formulierte Texte pl\u00f6tzlich nicht mehr online zur Verf\u00fcgung hatte.<\/p>\n<p>Ich habe mir vorgenommen, keinerlei Kommentare zu l\u00f6schen, ab und an Text online zu stellen, und vielleicht stellenweise sogar etwas Wichtiges zu erz\u00e4hlen. Ich betrachte die Seite als pers\u00f6nliches Projekt, es hat nichts mit <a title=\"Herzogtum Riedhburg\" href=\"http:\/\/www.riedhburg.ch\" target=\"_blank\">Riedhburg<\/a> oder anderen Projekten von mir zu tun.\u00a0Es sind einfach Dinge, die mir aufgefallen sind, die ich erz\u00e4hlenswert finde oder die mich besch\u00e4ftigen. Sie sind allesamt weder allgemeing\u00fcltig noch unbestreitbar. <\/p>\n","protected":false},"excerpt":{"rendered":"<p>Anfangs 2009 habe ich bemerkt, dass ich mich in gerne einem der beliebtesten Bereiche des Liverollenspiels bet\u00e4tige: \u00a0Der Diskussion und dem Tratsch \u00fcber Liverollenspiel selber. Ger\u00fcchteweise gehen einige Leute ja auch nur deswegen an Spiele&#8230; Nach und nach habe ich einiges an Texten in Foren online gestellt, doch auf Dauer macht das keinen Spass &#8211; [&hellip;]<\/p>\n","protected":false},"author":2,"featured_media":0,"parent":0,"menu_order":0,"comment_status":"open","ping_status":"open","template":"","meta":{"footnotes":""},"class_list":["post-2","page","type-page","status-publish","hentry"],"_links":{"self":[{"href":"https:\/\/liverollenspiel.ch\/wordpress\/wp-json\/wp\/v2\/pages\/2","targetHints":{"allow":["GET"]}}],"collection":[{"href":"https:\/\/liverollenspiel.ch\/wordpress\/wp-json\/wp\/v2\/pages"}],"about":[{"href":"https:\/\/liverollenspiel.ch\/wordpress\/wp-json\/wp\/v2\/types\/page"}],"author":[{"embeddable":true,"href":"https:\/\/liverollenspiel.ch\/wordpress\/wp-json\/wp\/v2\/users\/2"}],"replies":[{"embeddable":true,"href":"https:\/\/liverollenspiel.ch\/wordpress\/wp-json\/wp\/v2\/comments?post=2"}],"version-history":[{"count":10,"href":"https:\/\/liverollenspiel.ch\/wordpress\/wp-json\/wp\/v2\/pages\/2\/revisions"}],"predecessor-version":[{"id":1585,"href":"https:\/\/liverollenspiel.ch\/wordpress\/wp-json\/wp\/v2\/pages\/2\/revisions\/1585"}],"wp:attachment":[{"href":"https:\/\/liverollenspiel.ch\/wordpress\/wp-json\/wp\/v2\/media?parent=2"}],"curies":[{"name":"wp","href":"https:\/\/api.w.org\/{rel}","templated":true}]}}